{"id":164,"date":"2025-01-30T08:17:03","date_gmt":"2025-01-30T08:17:03","guid":{"rendered":"https:\/\/co-industry.com\/?page_id=164"},"modified":"2025-01-30T14:24:45","modified_gmt":"2025-01-30T14:24:45","slug":"elementor-seite-164","status":"publish","type":"page","link":"https:\/\/co-industry.com\/?page_id=164","title":{"rendered":"Datenschutzerkl\u00e4rung"},"content":{"rendered":"\t\t<div data-elementor-type=\"wp-page\" data-elementor-id=\"164\" class=\"elementor elementor-164\">\n\t\t\t\t<div class=\"elementor-element elementor-element-a8f65c4 e-flex e-con-boxed e-con e-parent\" data-id=\"a8f65c4\" data-element_type=\"container\">\n\t\t\t\t\t<div class=\"e-con-inner\">\n\t\t\t\t<div class=\"elementor-element elementor-element-1b6b9bf elementor-widget elementor-widget-text-editor\" data-id=\"1b6b9bf\" data-element_type=\"widget\" data-widget_type=\"text-editor.default\">\n\t\t\t\t<div class=\"elementor-widget-container\">\n\t\t\t\t\t\t\t\t\t<p><strong>CO-Industry &#8211; Datenschutzerkl\u00e4rung<\/strong><\/p><p>&#8222;co-industry.com&#8220; ist die Webseite der CO-Industry, Industriestrasse 6, 5242 Lupfig.<\/p><p>Soweit auf unseren Seiten personenbezogene Daten (beispielsweise Name, Anschrift oder E-Mail-Adressen) erhoben werden, erfolgt dies soweit m\u00f6glich stets auf freiwilliger Basis. Die Nutzung der Angebote und Dienste ist, soweit m\u00f6glich, stets ohne Angabe personenbezogener Daten m\u00f6glich.<\/p><p>Wir weisen darauf hin, dass die Daten\u00fcbertragung im Internet (z.B. bei der Kommunikation per E-Mail) Sicherheitsl\u00fccken aufweisen kann. Ein l\u00fcckenloser Schutz der Daten vor dem Zugriff durch Dritte ist nicht m\u00f6glich.<\/p><p><strong>Verantwortung f\u00fcr die Datenbearbeitung und Kontaktstelle:<\/strong><\/p><p>CO-Industry<br \/>Industriestrasse 6<br \/>5242 Lupfig<br \/>Telefon: +41 (0)56 464 29 99<br \/>E-Mail:\u00a0<a href=\"mailto:info@co-industry.ch\">info@co-industry.com<\/a>\u00a0<\/p><ol><li><strong> Umgang mit erhaltenen Daten:<\/strong><\/li><\/ol><p>Alle erhaltenen Daten werden nach den Grunds\u00e4tzen des schweizerischen Datenschutzgesetzes, soweit anwendbar nach der europ\u00e4ischen Datenschutz-Grundverordnung sowie nach den Ausf\u00fchrungen in dieser Datenschutzerkl\u00e4rung bearbeitet. Sie werden nur f\u00fcr interne Zwecke verwendet und mit Ausnahme von Auftragsdatenverarbeitern nicht an Dritte weitergegeben.<\/p><p>Sofern Daten an Auftragsdatenverarbeiter weitergegeben werden, erfolgt dies auf der Basis eines Auftragsdatenverarbeitungsvertrags, in dem die Geheimhaltung und Nichtweitergabe der Daten vereinbart wurde, und nur in L\u00e4nder, deren Datenschutzniveau dem schweizerischen bzw. europ\u00e4ischen Datenschutzniveau entspricht oder mit denen ein Safe-Harbor-Abkommen betreffend Datenschutz besteht.<\/p><p>Die Datenbearbeitung durch CO-Industry erfolgt unter Ergreifung von geeigneten technischen und organisatorischen Massnahmen, um die Personendaten gegen teilweisen oder vollst\u00e4ndigen Verlust, gegen unbefugten Zugriff durch Dritte und gegen Manipulation zu sichern. Die mit der Datenbearbeitung betrauten Mitarbeitenden sind zur Verschwiegenheit und zur Einhaltung der datenschutzrechtlichen Vorgaben verpflichtet.<\/p><ol start=\"2\"><li><strong> Umfang und Grundlage der Datenbearbeitung<\/strong><\/li><\/ol><p><strong>2.1. Beim Besuch der Webseite<\/strong><\/p><p>Bei der Nutzung von co-industry.com werden standardm\u00e4ssig allgemeine Daten erhoben, welche f\u00fcr jeden Zugriff in Server-Logdateien gespeichert werden. Dies ist erforderlich zur Aufrechterhaltung der Funktionsf\u00e4higkeit dieser Webseite.<\/p><p>Weiter setzt CO-Industry gewisse Dienste und Plugins ein, welche die Reichweitenmessung sowie die Optimierung der Inhalte und des Angebots der Webseite erm\u00f6glichen. CO-Industry verf\u00fcgt diesbez\u00fcglich \u00fcber ein berechtigtes Interesse an der Bearbeitung der dabei erfassten Personendaten. Die verwendeten Dienste und Plugins sind unter Ziffer 3 aufgef\u00fchrt.<\/p><p><strong>2.2. Bei Anfragen per E-Mail<\/strong><\/p><p>Bei der Eingabe und \u00dcbermittlung von Daten via E-Mail willigen Sie in die Bearbeitung der von Ihnen eingetragenen Daten und der Beantwortung Ihrer Anfrage durch CO-Industry ein. Sie k\u00f6nnen Ihre Einwilligung jederzeit per E-Mail an info@co-industry.com widerrufen.<\/p><ol start=\"3\"><li><strong> Von dieser Webseite genutzte Dienste und Plugins<\/strong><\/li><\/ol><p><strong>3.1. Cookies und Z\u00e4hlpixel<\/strong><\/p><p>Diese Webseite verwendet teilweise Cookies und Z\u00e4hlpixel, auch von Drittanbietern. Cookies sind Textdateien, die auf dem Computer der Besucher gespeichert werden und die dazu dienen, das Angebot von CO-Industry benutzerfreundlicher, effektiver und sicherer zu machen.<\/p><p>Z\u00e4hlpixel (auch Web Beacons genannt) sind unsichtbare Grafiken, die in eine Webseite integriert werden, um Informationen wie beispielsweise die Klicks auf diese Webseite oder den Verkehr auf dieser Webseite zu analysieren.<\/p><p>Besucher k\u00f6nnen die Einstellungen in ihrem Browser so anpassen, dass sie beim Erzeugen von Cookies informiert werden und Cookies entweder nur im Einzelfall oder f\u00fcr bestimmte F\u00e4lle erlauben oder Cookies generell deaktivieren, oder dass Cookies beim Schliessen des Browsers automatisch gel\u00f6scht werden. Bei der Deaktivierung von Cookies k\u00f6nnen einzelne Funktionalit\u00e4ten dieser Webseite eingeschr\u00e4nkt sein.<\/p><p>angeklickt haben und kann damit festhalten, welche Inhalte der Webseite f\u00fcr sie besonders interessant sind.<\/p><p>Das Tool sorgt zudem f\u00fcr die Ausl\u00f6sung anderer Tags, die ihrerseits unter Umst\u00e4nden Daten erfassen.\u00a0Google Tag Manager greift nicht auf diese Daten zu. Wenn Besucher auf Domain- oder Cookie-Ebene eine Deaktivierung vorgenommen haben, bleibt diese f\u00fcr alle Tracking-Tags bestehen, die mit Google Tag Manager implementiert werden.<\/p><p>Cookies arbeitet. Cookies sind Textdateien, die auf dem Computer der Besucher gespeichert werden und die eine Analyse der Benutzung der Webseite erm\u00f6glichen. Die durch den Cookie erzeugten Informationen \u00fcber die Benutzung dieser Webseite werden in der Regel an einen Server von Google in den USA \u00fcbertragen und dort gespeichert.<\/p><p><strong>3.2. Google Maps<\/strong><\/p><p>Die Webseite der CO-Industry nutzt den Kartendienst Google Maps sowie Google Street View von Google (Google Inc., 1600 AmphitheatreParkway, Mountain View, CA 94043, USA). Zur Nutzung der Funktionen von Google Maps ist es notwendig, die IP-Adressen der Besucher zu speichern. Diese Informationen werden an einen Server von Google in den USA \u00fcbertragen und dort gespeichert. Google verwendet die so erlangten Informationen unter anderem zur Optimierung von Google Maps und Google Street View (z.B. Erkennung von Hausnummern und Strassennamen).<\/p><p>Weitere Informationen zu den Datenschutzbestimmungen von Google finden Sie unter\u00a0<a href=\"https:\/\/www.google.com\/policies\/privacy\/\">www.google.com\/policies\/privacy\/<\/a><\/p><ol start=\"4\"><li><strong> Rechte von betroffenen Personen<\/strong><\/li><\/ol><p>Das Datenschutzgesetz gew\u00e4hrt betroffenen Personen verschiedene Rechte betreffend die \u00fcber sie vorhandenen Daten. Daf\u00fcr sowie f\u00fcr sonstige Fragen zum Datenschutz wenden Sie sich bitte direkt an unseren Datenschutzberater:<\/p><p>CO-Industry<br \/>Industriestrasse 6<br \/>5242 Lupfig<\/p><p>E-Mail:\u00a0<a href=\"mailto:info@co-industry.ch\">info@co-industry.com<\/a><\/p><ul><li><strong>Recht auf Auskunft:<\/strong>\u00a0Sie haben das Recht, jederzeit Auskunft \u00fcber personenbezogene Daten, die von uns \u00fcber Sie gespeichert werden, zu verlangen. Die Auskunft wird grunds\u00e4tzlich unentgeltlich erteilt (Art.\u00a015 DSGVO).<\/li><\/ul><ul><li><strong>Recht auf Berichtigung:<\/strong>\u00a0Sie haben das Recht, die Berichtigung und Vervollst\u00e4ndigung Sie betreffender unrichtiger personenbezogener Daten zu verlangen (Art. 16 DSGVO).<\/li><\/ul><ul><li><strong>Recht auf Einschr\u00e4nkung der Verarbeitung:<\/strong>\u00a0Sie haben das Recht, eine Einschr\u00e4nkung der Datenverarbeitung zu verlangen und \/ oder der Datenbearbeitung zu widersprechen (Art. 18 DSGVO).<\/li><\/ul><ul><li><strong>Recht auf L\u00f6schung (Recht auf Vergessenwerden):<\/strong>\u00a0Sie haben das Recht, die L\u00f6schung personenbezogener Daten zu verlangen, sofern die Daten f\u00fcr die Zwecke, f\u00fcr welche sie erhoben wurden, nicht mehr notwendig sind, sofern Sie ihre Einwilligung widerrufen oder sofern die Datenbearbeitung nicht gest\u00fctzt auf eine rechtliche Verpflichtung, zur Geltendmachung, Aus\u00fcbung oder Verteidigung von Rechtsanspr\u00fcchen oder einen anderen Erlaubnistatbestand gem\u00e4ss Art. 6 DSGVO erfolgt. Rechtsgrundlage bildet Art. 17 DSGVO.<\/li><\/ul><ul><li><strong>Recht auf Daten\u00fcbertragbarkeit:<\/strong>\u00a0Sie haben das Recht, die Sie betreffenden personenbezogenen Daten von uns zu verlangen (Recht auf Datenportabilit\u00e4t), resp. die Weitergabe Ihrer Daten an einen von Ihnen bezeichneten Dritten zu verlangen (Art. 20 DSGVO).<\/li><\/ul><ul><li><strong>Widerspruchsrecht:<\/strong>\u00a0Sie haben gest\u00fctzt auf Art. 21 DSGVO das Recht, Widerspruch gegen die Verarbeitung ihrer personenbezogenen Daten zum Zwecke der Direktwerbung oder des Profilings im Zusammenhang mit Direktwerbung einzulegen. Weiter steht Ihnen das Recht zu, aus besonderen Gr\u00fcnden Widerspruch gegen eine Bearbeitung von Daten zu erheben, welche wir gest\u00fctzt auf Art. 6 Abs. 1 lit. e (\u00f6ffentliches Interesse) oder lit. f (berechtigtes Interesse) erheben. Falls Sie ein Interesse geltend machen, welches im Einzelfall unsere berechtigten Interessen \u00fcberwiegt, werden wir Ihre Daten nicht mehr verarbeiten.<\/li><\/ul><ul><li><strong>Recht auf Widerruf der datenschutzrechtlichen Einwilligung:<\/strong>\u00a0Sie haben gest\u00fctzt auf Art. 7 Abs. 3 DSGVO das Recht, eine erteilte Einwilligung zur Datenverarbeitung jederzeit zu widerrufen. Die Rechtm\u00e4ssigkeit der aufgrund der Einwilligung bis zum Widerruf erfolgten Verarbeitung der Daten wird dadurch nicht ber\u00fchrt.<\/li><\/ul><ul><li><strong>Automatisierte Entscheidung im Einzelfall einschliesslich Profiling:<\/strong>\u00a0Wir treffen keine automatisierten Entscheidungen.<\/li><\/ul><ul><li><strong>Recht auf Beschwerde bei einer Aufsichtsbeh\u00f6rde:<\/strong>\u00a0Sie verf\u00fcgen \u00fcber ein Beschwerderecht bei einer zust\u00e4ndigen Aufsichtsbeh\u00f6rde in der EU. In der Schweiz k\u00f6nnen Sie sich mit Ihren Anliegen an den Eidgen\u00f6ssischen Datenschutz- und \u00d6ffentlichkeitsbeauftragten wenden.\u00a0<\/li><\/ul><ol start=\"5\"><li><strong> Schlussbestimmungen<\/strong><\/li><\/ol><p>CO-Industry beh\u00e4lt sich vor, den Inhalt der Webseite und dieser Datenschutzerkl\u00e4rung jederzeit zu \u00e4ndern. Es obliegt dem Besucher, die Bestimmungen beim erneuten Besuch auf Aktualisierungen zu \u00fcberpr\u00fcfen.<\/p><p>Diese Datenschutzerkl\u00e4rung wurde zuletzt am 30. Januar 2025 aktualisiert.<\/p>\t\t\t\t\t\t\t\t<\/div>\n\t\t\t\t<\/div>\n\t\t\t\t\t<\/div>\n\t\t\t\t<\/div>\n\t\t\t\t<\/div>\n\t\t","protected":false},"excerpt":{"rendered":"<p>CO-Industry &#8211; Datenschutzerkl\u00e4rung &#8222;co-industry.com&#8220; ist die Webseite der CO-Industry, Industriestrasse 6, 5242 Lupfig. Soweit auf unseren Seiten personenbezogene Daten (beispielsweise Name, Anschrift oder E-Mail-Adressen) erhoben werden, erfolgt dies soweit m\u00f6glich [&hellip;]<\/p>\n","protected":false},"author":1,"featured_media":0,"parent":0,"menu_order":0,"comment_status":"closed","ping_status":"closed","template":"","meta":{"_uf_show_specific_survey":0,"_uf_disable_surveys":false,"site-sidebar-layout":"no-sidebar","site-content-layout":"","ast-site-content-layout":"full-width-container","site-content-style":"default","site-sidebar-style":"default","ast-global-header-display":"","ast-banner-title-visibility":"","ast-main-header-display":"","ast-hfb-above-header-display":"","ast-hfb-below-header-display":"","ast-hfb-mobile-header-display":"","site-post-title":"disabled","ast-breadcrumbs-content":"","ast-featured-img":"disabled","footer-sml-layout":"","theme-transparent-header-meta":"default","adv-header-id-meta":"","stick-header-meta":"","header-above-stick-meta":"","header-main-stick-meta":"","header-below-stick-meta":"","astra-migrate-meta-layouts":"set","ast-page-background-enabled":"default","ast-page-background-meta":{"desktop":{"background-color":"var(--ast-global-color-4)","background-image":"","background-repeat":"repeat","background-position":"center center","background-size":"auto","background-attachment":"scroll","background-type":"","background-media":"","overlay-type":"","overlay-color":"","overlay-opacity":"","overlay-gradient":""},"tablet":{"background-color":"","background-image":"","background-repeat":"repeat","background-position":"center center","background-size":"auto","background-attachment":"scroll","background-type":"","background-media":"","overlay-type":"","overlay-color":"","overlay-opacity":"","overlay-gradient":""},"mobile":{"background-color":"","background-image":"","background-repeat":"repeat","background-position":"center center","background-size":"auto","background-attachment":"scroll","background-type":"","background-media":"","overlay-type":"","overlay-color":"","overlay-opacity":"","overlay-gradient":""}},"ast-content-background-meta":{"desktop":{"background-color":"var(--ast-global-color-5)","background-image":"","background-repeat":"repeat","background-position":"center center","background-size":"auto","background-attachment":"scroll","background-type":"","background-media":"","overlay-type":"","overlay-color":"","overlay-opacity":"","overlay-gradient":""},"tablet":{"background-color":"var(--ast-global-color-5)","background-image":"","background-repeat":"repeat","background-position":"center center","background-size":"auto","background-attachment":"scroll","background-type":"","background-media":"","overlay-type":"","overlay-color":"","overlay-opacity":"","overlay-gradient":""},"mobile":{"background-color":"var(--ast-global-color-5)","background-image":"","background-repeat":"repeat","background-position":"center center","background-size":"auto","background-attachment":"scroll","background-type":"","background-media":"","overlay-type":"","overlay-color":"","overlay-opacity":"","overlay-gradient":""}},"ngg_post_thumbnail":0,"footnotes":""},"class_list":["post-164","page","type-page","status-publish","hentry"],"_links":{"self":[{"href":"https:\/\/co-industry.com\/index.php?rest_route=\/wp\/v2\/pages\/164","targetHints":{"allow":["GET"]}}],"collection":[{"href":"https:\/\/co-industry.com\/index.php?rest_route=\/wp\/v2\/pages"}],"about":[{"href":"https:\/\/co-industry.com\/index.php?rest_route=\/wp\/v2\/types\/page"}],"author":[{"embeddable":true,"href":"https:\/\/co-industry.com\/index.php?rest_route=\/wp\/v2\/users\/1"}],"replies":[{"embeddable":true,"href":"https:\/\/co-industry.com\/index.php?rest_route=%2Fwp%2Fv2%2Fcomments&post=164"}],"version-history":[{"count":12,"href":"https:\/\/co-industry.com\/index.php?rest_route=\/wp\/v2\/pages\/164\/revisions"}],"predecessor-version":[{"id":186,"href":"https:\/\/co-industry.com\/index.php?rest_route=\/wp\/v2\/pages\/164\/revisions\/186"}],"wp:attachment":[{"href":"https:\/\/co-industry.com\/index.php?rest_route=%2Fwp%2Fv2%2Fmedia&parent=164"}],"curies":[{"name":"wp","href":"https:\/\/api.w.org\/{rel}","templated":true}]}}